{"id":6803,"date":"2025-09-06T08:06:31","date_gmt":"2025-09-06T08:06:31","guid":{"rendered":"https:\/\/www.endmer.com\/endustriyel-tesis-bakim\/"},"modified":"2025-09-16T10:47:04","modified_gmt":"2025-09-16T10:47:04","slug":"industrial-facility-maintenance","status":"publish","type":"page","link":"https:\/\/www.endmer.com\/en\/industrial-facility-maintenance\/","title":{"rendered":"Industrial Facility Maintenance"},"content":{"rendered":"\t\t<div data-elementor-type=\"wp-page\" data-elementor-id=\"6803\" class=\"elementor elementor-6803 elementor-5653\">\n\t\t\t\t\t\t<section class=\"pix-elementor-divider elementor-section elementor-top-section elementor-element elementor-element-0f30b29 elementor-section-boxed elementor-section-height-default elementor-section-height-default\" data-id=\"0f30b29\" data-element_type=\"section\" data-settings=\"{&quot;background_background&quot;:&quot;classic&quot;}\">\n\t\t\t\t\t\t<div class=\"elementor-container elementor-column-gap-default\">\n\t\t\t\t\t<div class=\"elementor-column elementor-col-100 elementor-top-column elementor-element elementor-element-6aaa317\" data-id=\"6aaa317\" data-element_type=\"column\">\n\t\t\t<div class=\"elementor-widget-wrap elementor-element-populated\">\n\t\t\t\t\t\t<div class=\"elementor-element elementor-element-a7d9849 elementor-widget elementor-widget-pix-highlighted-text\" data-id=\"a7d9849\" data-element_type=\"widget\" data-widget_type=\"pix-highlighted-text.default\">\n\t\t\t\t<div class=\"elementor-widget-container\">\n\t\t\t\t\t<div id=\"el-a7d9849\" class=\"pix-highlighted-element text-center \"><h2 class=\"pix-highlighted-items \" style=\"\" data-anim-type=\"\" data-anim-delay=\"\"><span id=\"el-a7d9849-0\" class=\"pix-highlight-bg   elementor-repeater-item-b2f5606 el-a7d9849-0 animate-in\" data-anim-type=\"highlight-grow\" data-anim-delay=\"200\"><span   class=\"pix-highlighted-text pix-highlight-item font-weight-normal  font-weight-bold heading-font text-body-default\">Industrial Facility Maintenance<\/span><\/span><\/h2><\/div>\t\t\t\t<\/div>\n\t\t\t\t<\/div>\n\t\t\t\t<div class=\"elementor-element elementor-element-44cbafc elementor-widget elementor-widget-pix-text\" data-id=\"44cbafc\" data-element_type=\"widget\" data-widget_type=\"pix-text.default\">\n\t\t\t\t<div class=\"elementor-widget-container\">\n\t\t\t\t\t<div class=\"pix-el-text w-100 text-center \" ><div class=\"d-inline-block\" style=\"max-width:468px;\"><p class=\"text-18 resp-option text-dark-opacity-8 text-center \" >With our industrial facility maintenance services, we ensure the safe, efficient and uninterrupted operation of your business.<\/p><\/div><\/div>\t\t\t\t<\/div>\n\t\t\t\t<\/div>\n\t\t\t\t\t<\/div>\n\t\t<\/div>\n\t\t\t\t\t<\/div>\n\t\t<\/section>\n\t\t<div class=\"pix-divider  position-relative pix-bottom-divider elementor-element elementor-element-0f30b29\" data-style=\"style-18\" ><svg xmlns=\"http:\/\/www.w3.org\/2000\/svg\" width=\"100%\" height=\"300px\" viewBox=\"0 0 1200 500\" preserveAspectRatio=\"none\"><g class=\"animate-in\" data-anim-type=\"fade-in-up\" data-anim-delay=\"300\"><path class=\"pix-divider-layer-3\" fill=\"url(#divider-pix-accordion-585944-bottom-overlay-layer-3)\" d=\"M1200,0 L1200,500 L0,500 L0,0.217671335 L560.822718,467.729764 C576.243831,480.585087 582.976586,483.900924 591.005571,486.072819 C599.034555,488.244713 607.100903,488.223251 615.118269,486.008662 C623.135636,483.794073 629.850732,480.442455 645.203531,467.505252 L1200,0 Z\" \/><\/g><path class=\"pix-divider-layer-2\" fill=\"url(#divider-pix-accordion-585944-bottom-overlay-layer-2)\" d=\"M1200,79 L1200,500 L0,500 L0,79 L560.822718,467.726685 C576.243831,480.583234 582.976586,483.899388 591.005571,486.07149 C599.034555,488.243592 607.100903,488.222128 615.118269,486.007327 C623.135636,483.792527 629.850732,480.440589 645.203531,467.502152 L1200,79 Z\"  \/><path class=\"pix-divider-layer-1\" fill=\"#ffffff\" d=\"M1200,159 L1200,500 L0,500 L0,159 L560.822718,467.708648 C576.243831,480.572382 582.976586,483.89039 591.005571,486.063705 C599.034555,488.237021 607.100903,488.215545 615.118269,485.999507 C623.135636,483.783468 629.850732,480.429657 645.203531,467.483989 L1200,159 Z\"\/><defs><linearGradient id=\"divider-pix-accordion-585944-bottom-overlay-layer-3\" x1=\"0%\" y1=\"0%\" x2=\"100%\" y2=\"0%\"><stop offset=\"0%\"   stop-color=\"#00000014\"\/><stop offset=\"100%\"   stop-color=\"#FFFFFF03\"\/><\/linearGradient><linearGradient id=\"divider-pix-accordion-585944-bottom-overlay-layer-2\" x1=\"0%\" y1=\"0%\" x2=\"100%\" y2=\"0%\"><stop offset=\"0%\"   stop-color=\"#F2DCDC\"\/><stop offset=\"100%\"   stop-color=\"#C0D0F6\"\/><\/linearGradient><\/defs><\/svg><\/div>\t\t<section class=\"elementor-section elementor-top-section elementor-element elementor-element-9866048 elementor-section-boxed elementor-section-height-default elementor-section-height-default\" data-id=\"9866048\" data-element_type=\"section\" data-settings=\"{&quot;background_background&quot;:&quot;slideshow&quot;,&quot;background_slideshow_gallery&quot;:[],&quot;background_slideshow_loop&quot;:&quot;yes&quot;,&quot;background_slideshow_slide_duration&quot;:5000,&quot;background_slideshow_slide_transition&quot;:&quot;fade&quot;,&quot;background_slideshow_transition_duration&quot;:500}\">\n\t\t\t\t\t\t<div class=\"elementor-container elementor-column-gap-default\">\n\t\t\t\t\t<div class=\"elementor-column elementor-col-50 elementor-top-column elementor-element elementor-element-7bb1d53\" data-id=\"7bb1d53\" data-element_type=\"column\">\n\t\t\t<div class=\"elementor-widget-wrap elementor-element-populated\">\n\t\t\t\t\t\t<div class=\"elementor-element elementor-element-076934d elementor-widget elementor-widget-image\" data-id=\"076934d\" data-element_type=\"widget\" data-widget_type=\"image.default\">\n\t\t\t\t\t\t\t\t\t\t\t\t\t\t\t<img fetchpriority=\"high\" decoding=\"async\" width=\"1500\" height=\"600\" src=\"https:\/\/www.endmer.com\/wp-content\/uploads\/2025\/09\/tesis-bakim-banner.jpg\" class=\"attachment-full size-full wp-image-6687\" alt=\"\" srcset=\"https:\/\/www.endmer.com\/wp-content\/uploads\/2025\/09\/tesis-bakim-banner.jpg 1500w, https:\/\/www.endmer.com\/wp-content\/uploads\/2025\/09\/tesis-bakim-banner-300x120.jpg 300w, https:\/\/www.endmer.com\/wp-content\/uploads\/2025\/09\/tesis-bakim-banner-1024x410.jpg 1024w, https:\/\/www.endmer.com\/wp-content\/uploads\/2025\/09\/tesis-bakim-banner-768x307.jpg 768w\" sizes=\"(max-width: 1500px) 100vw, 1500px\" \/>\t\t\t\t\t\t\t\t\t\t\t\t\t\t\t<\/div>\n\t\t\t\t<div class=\"elementor-element elementor-element-4c4f1b6 elementor-widget elementor-widget-text-editor\" data-id=\"4c4f1b6\" data-element_type=\"widget\" data-widget_type=\"text-editor.default\">\n\t\t\t\t\t\t\t\t\t<p>Maintenance in industrial facilities is a critical element for production continuity and operational efficiency. At Endmer Industry Center, we offer comprehensive maintenance services in the energy, oil, natural gas, petrochemical, and other industrial sectors.<\/p><p>With our experienced team of engineers and technicians, we meticulously carry out periodic, planned, and emergency maintenance at your facilities, ensuring the safe, efficient, and long-lasting operation of your equipment. With comprehensive maintenance solutions ranging from mechanical systems and piping and equipment maintenance to tank cleaning and insulation and coating work, we meet all your facility needs from a single source.<\/p><p>With our field experience and proactive approach, we prevent potential malfunctions before they occur, reduce your operating costs, and create a safe working environment.<\/p><p data-start=\"951\" data-end=\"1040\"><span style=\"color: #000000;\"><strong data-start=\"951\" data-end=\"1038\">Endmer Industrial Centre \u2013 Reliable, sustainable and uninterrupted facility maintenance solutions.<\/strong><\/span><\/p>\t\t\t\t\t\t\t\t<\/div>\n\t\t\t\t\t<\/div>\n\t\t<\/div>\n\t\t\t\t<div class=\"elementor-column elementor-col-50 elementor-top-column elementor-element elementor-element-4eb4f43\" data-id=\"4eb4f43\" data-element_type=\"column\">\n\t\t\t<div class=\"elementor-widget-wrap elementor-element-populated\">\n\t\t\t\t\t\t<div class=\"elementor-element elementor-element-96eb551 elementor-widget elementor-widget-pix-accordion\" data-id=\"96eb551\" data-element_type=\"widget\" data-widget_type=\"pix-accordion.default\">\n\t\t\t\t<div class=\"elementor-widget-container\">\n\t\t\t\t\t<div class=\"accordion w-100 accordion-card\" id=\"accordion-96eb551\"><div class=\"card\">\n               <div class=\"card-header pix-mb-10 shadow-sm rounded-lg bg-white\" id=\"headingpix-tab-96eb551-ff6c328\" >\n                   <button class=\"btn btn-link d-flex text-left\" type=\"button\" data-toggle=\"collapse\" data-target=\"#collapsepix-tab-96eb551-ff6c328\" aria-expanded=\"true\" aria-controls=\"collapsepix-tab-96eb551-ff6c328\"><span class=\"d-inline-flex align-self-center text-primary svg-202 text-20 pix-mr-10\"><i class=\" \"><\/i><\/span><span class=\"d-inline-flex font-weight-bold text-black\" >MAINTENANCE AND REPAIR SERVICES<\/span><\/button>\n               <\/div>\n\n               <div id=\"collapsepix-tab-96eb551-ff6c328\" class=\"collapse \" aria-labelledby=\"headingpix-tab-96eb551-ff6c328\">\n                 <div class=\"card-body\"><p>With the maintenance systems we implement in industrial facility maintenance, we increase equipment efficiency, minimize failure risks and ensure uninterrupted production processes.<\/p><p><strong>Selections from Our Projects &gt;&gt;<\/strong><\/p><p><div id='gallery-1' class='gallery galleryid-6803 gallery-columns-3 gallery-size-large'><figure class='gallery-item'>\n\t\t\t<div class='gallery-icon landscape'>\n\t\t\t\t<a href='https:\/\/www.endmer.com\/wp-content\/uploads\/2025\/09\/izolasyon-7.jpg' title=\"\" data-rl_title=\"\" class=\"rl-gallery-link\" data-rl_caption=\"\" data-rel=\"lightbox-gallery-1\"><img decoding=\"async\" width=\"640\" height=\"403\" src=\"https:\/\/www.endmer.com\/wp-content\/uploads\/2025\/09\/izolasyon-7-1024x644.jpg\" class=\"attachment-large size-large\" alt=\"\" srcset=\"https:\/\/www.endmer.com\/wp-content\/uploads\/2025\/09\/izolasyon-7-1024x644.jpg 1024w, https:\/\/www.endmer.com\/wp-content\/uploads\/2025\/09\/izolasyon-7-300x189.jpg 300w, https:\/\/www.endmer.com\/wp-content\/uploads\/2025\/09\/izolasyon-7-768x483.jpg 768w, https:\/\/www.endmer.com\/wp-content\/uploads\/2025\/09\/izolasyon-7.jpg 1273w\" sizes=\"(max-width: 640px) 100vw, 640px\" \/><\/a>\n\t\t\t<\/div><\/figure><figure class='gallery-item'>\n\t\t\t<div class='gallery-icon landscape'>\n\t\t\t\t<a href='https:\/\/www.endmer.com\/wp-content\/uploads\/2025\/09\/izolasyon-9.jpg' title=\"\" data-rl_title=\"\" class=\"rl-gallery-link\" data-rl_caption=\"\" data-rel=\"lightbox-gallery-1\"><img decoding=\"async\" width=\"640\" height=\"403\" src=\"https:\/\/www.endmer.com\/wp-content\/uploads\/2025\/09\/izolasyon-9-1024x644.jpg\" class=\"attachment-large size-large\" alt=\"\" srcset=\"https:\/\/www.endmer.com\/wp-content\/uploads\/2025\/09\/izolasyon-9-1024x644.jpg 1024w, https:\/\/www.endmer.com\/wp-content\/uploads\/2025\/09\/izolasyon-9-300x189.jpg 300w, https:\/\/www.endmer.com\/wp-content\/uploads\/2025\/09\/izolasyon-9-768x483.jpg 768w, https:\/\/www.endmer.com\/wp-content\/uploads\/2025\/09\/izolasyon-9.jpg 1273w\" sizes=\"(max-width: 640px) 100vw, 640px\" \/><\/a>\n\t\t\t<\/div><\/figure><figure class='gallery-item'>\n\t\t\t<div class='gallery-icon landscape'>\n\t\t\t\t<a href='https:\/\/www.endmer.com\/wp-content\/uploads\/2025\/09\/izolasyon-10.jpg' title=\"\" data-rl_title=\"\" class=\"rl-gallery-link\" data-rl_caption=\"\" data-rel=\"lightbox-gallery-1\"><img loading=\"lazy\" decoding=\"async\" width=\"640\" height=\"403\" src=\"https:\/\/www.endmer.com\/wp-content\/uploads\/2025\/09\/izolasyon-10-1024x644.jpg\" class=\"attachment-large size-large\" alt=\"\" srcset=\"https:\/\/www.endmer.com\/wp-content\/uploads\/2025\/09\/izolasyon-10-1024x644.jpg 1024w, https:\/\/www.endmer.com\/wp-content\/uploads\/2025\/09\/izolasyon-10-300x189.jpg 300w, https:\/\/www.endmer.com\/wp-content\/uploads\/2025\/09\/izolasyon-10-768x483.jpg 768w, https:\/\/www.endmer.com\/wp-content\/uploads\/2025\/09\/izolasyon-10.jpg 1273w\" sizes=\"(max-width: 640px) 100vw, 640px\" \/><\/a>\n\t\t\t<\/div><\/figure><figure class='gallery-item'>\n\t\t\t<div class='gallery-icon landscape'>\n\t\t\t\t<a href='https:\/\/www.endmer.com\/wp-content\/uploads\/2025\/09\/izolasyon-11.jpg' title=\"\" data-rl_title=\"\" class=\"rl-gallery-link\" data-rl_caption=\"\" data-rel=\"lightbox-gallery-1\"><img loading=\"lazy\" decoding=\"async\" width=\"640\" height=\"403\" src=\"https:\/\/www.endmer.com\/wp-content\/uploads\/2025\/09\/izolasyon-11-1024x644.jpg\" class=\"attachment-large size-large\" alt=\"\" srcset=\"https:\/\/www.endmer.com\/wp-content\/uploads\/2025\/09\/izolasyon-11-1024x644.jpg 1024w, https:\/\/www.endmer.com\/wp-content\/uploads\/2025\/09\/izolasyon-11-300x189.jpg 300w, https:\/\/www.endmer.com\/wp-content\/uploads\/2025\/09\/izolasyon-11-768x483.jpg 768w, https:\/\/www.endmer.com\/wp-content\/uploads\/2025\/09\/izolasyon-11.jpg 1273w\" sizes=\"(max-width: 640px) 100vw, 640px\" \/><\/a>\n\t\t\t<\/div><\/figure><figure class='gallery-item'>\n\t\t\t<div class='gallery-icon landscape'>\n\t\t\t\t<a href='https:\/\/www.endmer.com\/wp-content\/uploads\/2025\/09\/izolasyon-12.jpg' title=\"\" data-rl_title=\"\" class=\"rl-gallery-link\" data-rl_caption=\"\" data-rel=\"lightbox-gallery-1\"><img loading=\"lazy\" decoding=\"async\" width=\"640\" height=\"403\" src=\"https:\/\/www.endmer.com\/wp-content\/uploads\/2025\/09\/izolasyon-12-1024x644.jpg\" class=\"attachment-large size-large\" alt=\"\" srcset=\"https:\/\/www.endmer.com\/wp-content\/uploads\/2025\/09\/izolasyon-12-1024x644.jpg 1024w, https:\/\/www.endmer.com\/wp-content\/uploads\/2025\/09\/izolasyon-12-300x189.jpg 300w, https:\/\/www.endmer.com\/wp-content\/uploads\/2025\/09\/izolasyon-12-768x483.jpg 768w, https:\/\/www.endmer.com\/wp-content\/uploads\/2025\/09\/izolasyon-12.jpg 1273w\" sizes=\"(max-width: 640px) 100vw, 640px\" \/><\/a>\n\t\t\t<\/div><\/figure>\n\t\t<\/div>\n<\/p><\/div>\n               <\/div>\n             <\/div><div class=\"card\">\n               <div class=\"card-header pix-mb-10 shadow-sm rounded-lg bg-white\" id=\"headingpix-tab-96eb551-f892d0d\" >\n                   <button class=\"btn btn-link d-flex text-left\" type=\"button\" data-toggle=\"collapse\" data-target=\"#collapsepix-tab-96eb551-f892d0d\" aria-expanded=\"true\" aria-controls=\"collapsepix-tab-96eb551-f892d0d\"><span class=\"d-inline-flex align-self-center text-primary svg-202 text-20 pix-mr-10\"><i class=\" \"><\/i><\/span><span class=\"d-inline-flex font-weight-bold text-black\" >LONG-TERM CARE COOPERATIONS<\/span><\/button>\n               <\/div>\n\n               <div id=\"collapsepix-tab-96eb551-f892d0d\" class=\"collapse \" aria-labelledby=\"headingpix-tab-96eb551-f892d0d\">\n                 <div class=\"card-body\"><p>We offer continuous support to your facilities through our long-term maintenance partnerships, ensuring reliable and sustainable operations.<\/p><\/div>\n               <\/div>\n             <\/div><div class=\"card\">\n               <div class=\"card-header pix-mb-10 shadow-sm rounded-lg bg-white\" id=\"headingpix-tab-96eb551-4cfebd9\" >\n                   <button class=\"btn btn-link d-flex text-left\" type=\"button\" data-toggle=\"collapse\" data-target=\"#collapsepix-tab-96eb551-4cfebd9\" aria-expanded=\"true\" aria-controls=\"collapsepix-tab-96eb551-4cfebd9\"><span class=\"d-inline-flex align-self-center text-primary svg-202 text-20 pix-mr-10\"><i class=\" \"><\/i><\/span><span class=\"d-inline-flex font-weight-bold text-black\" >FACILITY COMMISSIONING SERVICES<\/span><\/button>\n               <\/div>\n\n               <div id=\"collapsepix-tab-96eb551-4cfebd9\" class=\"collapse \" aria-labelledby=\"headingpix-tab-96eb551-4cfebd9\">\n                 <div class=\"card-body\"><article class=\"text-token-text-primary w-full focus:outline-none scroll-mt-[calc(var(--header-height)+min(200px,max(70px,20svh)))]\" dir=\"auto\" tabindex=\"-1\" data-turn-id=\"request-689eec84-d22c-8322-93a0-6a164ad50a11-48\" data-testid=\"conversation-turn-166\" data-scroll-anchor=\"true\" data-turn=\"assistant\"><div class=\"text-base my-auto mx-auto pb-10 [--thread-content-margin:--spacing(4)] @[37rem]:[--thread-content-margin:--spacing(6)] @[72rem]:[--thread-content-margin:--spacing(16)] px-(--thread-content-margin)\"><div class=\"[--thread-content-max-width:32rem] @[34rem]:[--thread-content-max-width:40rem] @[64rem]:[--thread-content-max-width:48rem] mx-auto max-w-(--thread-content-max-width) flex-1 group\/turn-messages focus-visible:outline-hidden relative flex w-full min-w-0 flex-col agent-turn\" tabindex=\"-1\"><div class=\"flex max-w-full flex-col grow\"><div class=\"min-h-8 text-message relative flex w-full flex-col items-end gap-2 text-start break-words whitespace-normal [.text-message+&amp;]:mt-5\" dir=\"auto\" data-message-author-role=\"assistant\" data-message-id=\"98a0cdc7-39a6-4552-b484-ba8859f25519\" data-message-model-slug=\"gpt-5\"><div class=\"flex w-full flex-col gap-1 empty:hidden first:pt-[3px]\"><div class=\"markdown prose dark:prose-invert w-full break-words dark markdown-new-styling\"><p data-start=\"0\" data-end=\"120\" data-is-last-node=\"\" data-is-only-node=\"\">With our facility commissioning services, we ensure that your projects are operational safely, efficiently and on schedule.<\/p><\/div><\/div><\/div><\/div><\/div><\/div><\/article><\/div>\n               <\/div>\n             <\/div><div class=\"card\">\n               <div class=\"card-header pix-mb-10 shadow-sm rounded-lg bg-white\" id=\"headingpix-tab-96eb551-e9d9ed3\" >\n                   <button class=\"btn btn-link d-flex text-left\" type=\"button\" data-toggle=\"collapse\" data-target=\"#collapsepix-tab-96eb551-e9d9ed3\" aria-expanded=\"true\" aria-controls=\"collapsepix-tab-96eb551-e9d9ed3\"><span class=\"d-inline-flex align-self-center text-primary svg-202 text-20 pix-mr-10\"><i class=\" \"><\/i><\/span><span class=\"d-inline-flex font-weight-bold text-black\" >PLANLI DURU\u015e H\u0130ZMETLER\u0130<\/span><\/button>\n               <\/div>\n\n               <div id=\"collapsepix-tab-96eb551-e9d9ed3\" class=\"collapse \" aria-labelledby=\"headingpix-tab-96eb551-e9d9ed3\">\n                 <div class=\"card-body\">With our facility downtime services, we minimize your production losses by completing planned maintenance and repairs as quickly as possible.<\/div>\n               <\/div>\n             <\/div><\/div>\t\t\t\t<\/div>\n\t\t\t\t<\/div>\n\t\t\t\t\t<\/div>\n\t\t<\/div>\n\t\t\t\t\t<\/div>\n\t\t<\/section>\n\t\t<div class=\"elementor-element elementor-element-deac3bf e-flex e-con-boxed e-con e-parent\" data-id=\"deac3bf\" data-element_type=\"container\">\n\t\t\t\t\t<div class=\"e-con-inner\">\n\t\t<div class=\"elementor-element elementor-element-c4c3970 e-con-full e-flex e-con e-child\" data-id=\"c4c3970\" data-element_type=\"container\">\n\t\t<div class=\"elementor-element elementor-element-2fbd58f e-con-full e-flex e-con e-child\" data-id=\"2fbd58f\" data-element_type=\"container\" data-settings=\"{&quot;background_background&quot;:&quot;classic&quot;}\">\n\t\t\t\t<div class=\"elementor-element elementor-element-7bb9652 elementor-widget elementor-widget-text-editor\" data-id=\"7bb9652\" data-element_type=\"widget\" data-widget_type=\"text-editor.default\">\n\t\t\t\t\t\t\t\t\t<h5><span style=\"color: #ffffff;\"><b>Request Form<\/b><\/span><\/h5>\n\n<div class=\"wpcf7 no-js\" id=\"wpcf7-f7045-o1\" lang=\"en-US\" dir=\"ltr\" data-wpcf7-id=\"7045\">\n<div class=\"screen-reader-response\"><p role=\"status\" aria-live=\"polite\" aria-atomic=\"true\"><\/p> <ul><\/ul><\/div>\n<form action=\"\/en\/wp-json\/wp\/v2\/pages\/6803#wpcf7-f7045-o1\" method=\"post\" class=\"wpcf7-form init\" aria-label=\"Contact form\" novalidate=\"novalidate\" data-status=\"init\">\n<fieldset class=\"hidden-fields-container\"><input type=\"hidden\" name=\"_wpcf7\" value=\"7045\" \/><input type=\"hidden\" name=\"_wpcf7_version\" value=\"6.1.1\" \/><input type=\"hidden\" name=\"_wpcf7_locale\" value=\"en_US\" \/><input type=\"hidden\" name=\"_wpcf7_unit_tag\" value=\"wpcf7-f7045-o1\" \/><input type=\"hidden\" name=\"_wpcf7_container_post\" value=\"0\" \/><input type=\"hidden\" name=\"_wpcf7_posted_data_hash\" value=\"\" \/><input type=\"hidden\" name=\"_wpcf7_recaptcha_response\" value=\"\" \/>\n<\/fieldset>\n<div class=\"pix-contact7-form\"><div class=\"row\">\n\t<div class=\"col-lg-3\">\n\t\t<p><label class=\"w-100\"><span class=\"wpcf7-form-control-wrap\" data-name=\"your-company-name\"><input size=\"40\" maxlength=\"400\" class=\"wpcf7-form-control wpcf7-text wpcf7-validates-as-required pix-my-5 shadow-0 bg-gray-1 form-control\" aria-required=\"true\" aria-invalid=\"false\" placeholder=\"Company Name\" value=\"\" type=\"text\" name=\"your-company-name\" \/><\/span><\/label>\n\t\t<\/p>\n\t<\/div>\n\t<div class=\"col-lg-3\">\n\t\t<p><label class=\"w-100\"><span class=\"wpcf7-form-control-wrap\" data-name=\"your-name\"><input size=\"40\" maxlength=\"400\" class=\"wpcf7-form-control wpcf7-text wpcf7-validates-as-required pix-my-5 shadow-0 bg-gray-1 form-control\" aria-required=\"true\" aria-invalid=\"false\" placeholder=\"Your Name and Surname\" value=\"\" type=\"text\" name=\"your-name\" \/><\/span><\/label>\n\t\t<\/p>\n\t<\/div>\n\t<div class=\"col-lg-3\">\n\t\t<p><label class=\"w-100\"><span class=\"wpcf7-form-control-wrap\" data-name=\"your-email\"><input size=\"40\" maxlength=\"400\" class=\"wpcf7-form-control wpcf7-email wpcf7-validates-as-required wpcf7-text wpcf7-validates-as-email pix-my-5 shadow-0 bg-gray-1 form-control\" aria-required=\"true\" aria-invalid=\"false\" placeholder=\"E-mail\" value=\"\" type=\"email\" name=\"your-email\" \/><\/span><\/label>\n\t\t<\/p>\n\t<\/div>\n\t<div class=\"col-3\">\n\t\t<p><label class=\"w-100\"><span class=\"wpcf7-form-control-wrap\" data-name=\"your-phone\"><input size=\"40\" maxlength=\"400\" class=\"wpcf7-form-control wpcf7-text wpcf7-validates-as-required pix-my-5 shadow-0 bg-gray-1 form-control\" aria-required=\"true\" aria-invalid=\"false\" placeholder=\"Phone\" value=\"\" type=\"text\" name=\"your-phone\" \/><\/span><\/label>\n\t\t<\/p>\n\t<\/div>\n\t<div class=\"col-6\">\n\t\t<p><label class=\"w-100\"><span class=\"wpcf7-form-control-wrap\" data-name=\"your-message\"><textarea cols=\"40\" rows=\"2\" maxlength=\"2000\" class=\"wpcf7-form-control wpcf7-textarea wpcf7-validates-as-required pix-my-5 shadow-0 bg-gray-1 form-control\" aria-required=\"true\" aria-invalid=\"false\" placeholder=\"Your message\" name=\"your-message\"><\/textarea><\/span><\/label>\n\t\t<\/p>\n\t<\/div>\n\t<div class=\"col-6\">\n\t\t<p><label class=\"w-100\"><input class=\"wpcf7-form-control wpcf7-submit has-spinner btn btn-green text-white w-100 pix-mt-10 font-weight-bold btn-lg shadow-hover\" type=\"submit\" value=\"Send\" \/><\/label>\n\t\t<\/p>\n\t<\/div>\n<\/div>\n<input class=\"wpcf7-form-control wpcf7-hidden\" value=\"\" type=\"hidden\" name=\"page-url\" \/><\/div><div class=\"wpcf7-response-output\" aria-hidden=\"true\"><\/div>\n<\/form>\n<\/div>\n\t\t\t\t\t\t\t\t<\/div>\n\t\t\t\t<\/div>\n\t\t\t\t<\/div>\n\t\t\t\t\t<\/div>\n\t\t\t\t<\/div>\n\t\t\t\t<\/div>\n\t\t","protected":false},"excerpt":{"rendered":"<p>Industrial Facility Maintenance With our industrial facility maintenance services, we ensure the safe, efficient and uninterrupted operation of your business. Maintenance in industrial facilities is a critical element for production continuity and operational efficiency. At Endmer Industry Center, we offer&#8230;<\/p>\n","protected":false},"author":1,"featured_media":0,"parent":0,"menu_order":0,"comment_status":"closed","ping_status":"closed","template":"","meta":{"footnotes":""},"class_list":["post-6803","page","type-page","status-publish","hentry"],"_links":{"self":[{"href":"https:\/\/www.endmer.com\/en\/wp-json\/wp\/v2\/pages\/6803","targetHints":{"allow":["GET"]}}],"collection":[{"href":"https:\/\/www.endmer.com\/en\/wp-json\/wp\/v2\/pages"}],"about":[{"href":"https:\/\/www.endmer.com\/en\/wp-json\/wp\/v2\/types\/page"}],"author":[{"embeddable":true,"href":"https:\/\/www.endmer.com\/en\/wp-json\/wp\/v2\/users\/1"}],"replies":[{"embeddable":true,"href":"https:\/\/www.endmer.com\/en\/wp-json\/wp\/v2\/comments?post=6803"}],"version-history":[{"count":0,"href":"https:\/\/www.endmer.com\/en\/wp-json\/wp\/v2\/pages\/6803\/revisions"}],"wp:attachment":[{"href":"https:\/\/www.endmer.com\/en\/wp-json\/wp\/v2\/media?parent=6803"}],"curies":[{"name":"wp","href":"https:\/\/api.w.org\/{rel}","templated":true}]}}