{"id":6832,"date":"2025-09-05T11:07:27","date_gmt":"2025-09-05T11:07:27","guid":{"rendered":"https:\/\/www.endmer.com\/muhendislik-dizayn\/"},"modified":"2025-09-16T10:39:17","modified_gmt":"2025-09-16T10:39:17","slug":"engineering-design","status":"publish","type":"page","link":"https:\/\/www.endmer.com\/en\/engineering-design\/","title":{"rendered":"Engineering &amp; Design"},"content":{"rendered":"\t\t<div data-elementor-type=\"wp-page\" data-elementor-id=\"6832\" class=\"elementor elementor-6832 elementor-5489\">\n\t\t\t\t\t\t<section class=\"pix-elementor-divider elementor-section elementor-top-section elementor-element elementor-element-8d44de0 elementor-section-boxed elementor-section-height-default elementor-section-height-default\" data-id=\"8d44de0\" data-element_type=\"section\" data-settings=\"{&quot;background_background&quot;:&quot;classic&quot;}\">\n\t\t\t\t\t\t<div class=\"elementor-container elementor-column-gap-default\">\n\t\t\t\t\t<div class=\"elementor-column elementor-col-100 elementor-top-column elementor-element elementor-element-e9d0a88\" data-id=\"e9d0a88\" data-element_type=\"column\">\n\t\t\t<div class=\"elementor-widget-wrap elementor-element-populated\">\n\t\t\t\t\t\t<div class=\"elementor-element elementor-element-a7d9849 elementor-widget elementor-widget-pix-highlighted-text\" data-id=\"a7d9849\" data-element_type=\"widget\" data-widget_type=\"pix-highlighted-text.default\">\n\t\t\t\t<div class=\"elementor-widget-container\">\n\t\t\t\t\t<div id=\"el-a7d9849\" class=\"pix-highlighted-element text-center \"><h2 class=\"pix-highlighted-items \" style=\"\" data-anim-type=\"\" data-anim-delay=\"\"><span id=\"el-a7d9849-0\" class=\"pix-highlight-bg   elementor-repeater-item-b2f5606 el-a7d9849-0 animate-in\" data-anim-type=\"highlight-grow\" data-anim-delay=\"200\"><span   class=\"pix-highlighted-text pix-highlight-item font-weight-normal  font-weight-bold heading-font text-body-default\">Engineering & Design<\/span><\/span><\/h2><\/div>\t\t\t\t<\/div>\n\t\t\t\t<\/div>\n\t\t\t\t<div class=\"elementor-element elementor-element-44cbafc elementor-widget elementor-widget-pix-text\" data-id=\"44cbafc\" data-element_type=\"widget\" data-widget_type=\"pix-text.default\">\n\t\t\t\t<div class=\"elementor-widget-container\">\n\t\t\t\t\t<div class=\"pix-el-text w-100 text-center \" ><p class=\"text-18 resp-option text-dark-opacity-8 text-center \" >With our engineering and design services, we offer reliable and efficient solutions that comply with international standards.<\/p><\/div>\t\t\t\t<\/div>\n\t\t\t\t<\/div>\n\t\t\t\t\t<\/div>\n\t\t<\/div>\n\t\t\t\t\t<\/div>\n\t\t<\/section>\n\t\t<div class=\"pix-divider  position-relative pix-bottom-divider elementor-element elementor-element-8d44de0\" data-style=\"style-18\" ><svg xmlns=\"http:\/\/www.w3.org\/2000\/svg\" width=\"100%\" height=\"300px\" viewBox=\"0 0 1200 500\" preserveAspectRatio=\"none\"><g class=\"animate-in\" data-anim-type=\"fade-in-up\" data-anim-delay=\"300\"><path class=\"pix-divider-layer-3\" fill=\"url(#divider-pix-accordion-275651-bottom-overlay-layer-3)\" d=\"M1200,0 L1200,500 L0,500 L0,0.217671335 L560.822718,467.729764 C576.243831,480.585087 582.976586,483.900924 591.005571,486.072819 C599.034555,488.244713 607.100903,488.223251 615.118269,486.008662 C623.135636,483.794073 629.850732,480.442455 645.203531,467.505252 L1200,0 Z\" \/><\/g><path class=\"pix-divider-layer-2\" fill=\"url(#divider-pix-accordion-275651-bottom-overlay-layer-2)\" d=\"M1200,79 L1200,500 L0,500 L0,79 L560.822718,467.726685 C576.243831,480.583234 582.976586,483.899388 591.005571,486.07149 C599.034555,488.243592 607.100903,488.222128 615.118269,486.007327 C623.135636,483.792527 629.850732,480.440589 645.203531,467.502152 L1200,79 Z\"  \/><path class=\"pix-divider-layer-1\" fill=\"#ffffff\" d=\"M1200,159 L1200,500 L0,500 L0,159 L560.822718,467.708648 C576.243831,480.572382 582.976586,483.89039 591.005571,486.063705 C599.034555,488.237021 607.100903,488.215545 615.118269,485.999507 C623.135636,483.783468 629.850732,480.429657 645.203531,467.483989 L1200,159 Z\"\/><defs><linearGradient id=\"divider-pix-accordion-275651-bottom-overlay-layer-3\" x1=\"0%\" y1=\"0%\" x2=\"100%\" y2=\"0%\"><stop offset=\"0%\"   stop-color=\"#00000014\"\/><stop offset=\"100%\"   stop-color=\"#FFFFFF03\"\/><\/linearGradient><linearGradient id=\"divider-pix-accordion-275651-bottom-overlay-layer-2\" x1=\"0%\" y1=\"0%\" x2=\"100%\" y2=\"0%\"><stop offset=\"0%\"   stop-color=\"#F2DCDC\"\/><stop offset=\"100%\"   stop-color=\"#C0D0F6\"\/><\/linearGradient><\/defs><\/svg><\/div>\t\t<section class=\"elementor-section elementor-top-section elementor-element elementor-element-9866048 elementor-section-boxed elementor-section-height-default elementor-section-height-default\" data-id=\"9866048\" data-element_type=\"section\">\n\t\t\t\t\t\t<div class=\"elementor-container elementor-column-gap-default\">\n\t\t\t\t\t<div class=\"elementor-column elementor-col-50 elementor-top-column elementor-element elementor-element-7bb1d53\" data-id=\"7bb1d53\" data-element_type=\"column\">\n\t\t\t<div class=\"elementor-widget-wrap elementor-element-populated\">\n\t\t\t\t\t\t<div class=\"elementor-element elementor-element-076934d elementor-widget elementor-widget-image\" data-id=\"076934d\" data-element_type=\"widget\" data-widget_type=\"image.default\">\n\t\t\t\t\t\t\t\t\t\t\t\t\t\t\t<img fetchpriority=\"high\" decoding=\"async\" width=\"1500\" height=\"600\" src=\"https:\/\/www.endmer.com\/wp-content\/uploads\/2025\/09\/muhendislik-banner4.jpg\" class=\"attachment-full size-full wp-image-6674\" alt=\"\" srcset=\"https:\/\/www.endmer.com\/wp-content\/uploads\/2025\/09\/muhendislik-banner4.jpg 1500w, https:\/\/www.endmer.com\/wp-content\/uploads\/2025\/09\/muhendislik-banner4-300x120.jpg 300w, https:\/\/www.endmer.com\/wp-content\/uploads\/2025\/09\/muhendislik-banner4-1024x410.jpg 1024w, https:\/\/www.endmer.com\/wp-content\/uploads\/2025\/09\/muhendislik-banner4-768x307.jpg 768w\" sizes=\"(max-width: 1500px) 100vw, 1500px\" \/>\t\t\t\t\t\t\t\t\t\t\t\t\t\t\t<\/div>\n\t\t\t\t<div class=\"elementor-element elementor-element-4c4f1b6 elementor-widget elementor-widget-text-editor\" data-id=\"4c4f1b6\" data-element_type=\"widget\" data-widget_type=\"text-editor.default\">\n\t\t\t\t\t\t\t\t\t<p data-start=\"168\" data-end=\"489\"><span style=\"color: #000000;\">Endmer Industrial Center provides <strong data-start=\"211\" data-end=\"249\">engineering and design services<\/strong> for projects in various sectors in accordance with international standards. Our experienced team develops <strong data-start=\"425\" data-end=\"469\">innovative, reliable, and efficient solutions<\/strong> tailored to each project by applying modern engineering methods in design, analysis, and optimization processes.<\/span><\/p>\n<p data-start=\"491\" data-end=\"674\"><span style=\"color: #000000;\">We prioritize customer needs at every stage and combine our technical expertise with advanced technological infrastructure to deliver <strong data-start=\"607\" data-end=\"660\">engineering support at high quality standards<\/strong>.<\/span><\/p>\n\t\t\t\t\t\t\t\t<\/div>\n\t\t\t\t\t<\/div>\n\t\t<\/div>\n\t\t\t\t<div class=\"elementor-column elementor-col-50 elementor-top-column elementor-element elementor-element-4eb4f43\" data-id=\"4eb4f43\" data-element_type=\"column\">\n\t\t\t<div class=\"elementor-widget-wrap elementor-element-populated\">\n\t\t\t\t\t\t<div class=\"elementor-element elementor-element-76867cb elementor-widget elementor-widget-text-editor\" data-id=\"76867cb\" data-element_type=\"widget\" data-widget_type=\"text-editor.default\">\n\t\t\t\t\t\t\t\t\t<div id='gallery-1' class='gallery galleryid-6832 gallery-columns-3 gallery-size-large'><figure class='gallery-item'>\n\t\t\t<div class='gallery-icon landscape'>\n\t\t\t\t<a href='https:\/\/www.endmer.com\/wp-content\/uploads\/2025\/09\/borulama-muhendislik.jpg' title=\"\" data-rl_title=\"\" class=\"rl-gallery-link\" data-rl_caption=\"\" data-rel=\"lightbox-gallery-1\"><img decoding=\"async\" width=\"640\" height=\"402\" src=\"https:\/\/www.endmer.com\/wp-content\/uploads\/2025\/09\/borulama-muhendislik.jpg\" class=\"attachment-large size-large\" alt=\"\" srcset=\"https:\/\/www.endmer.com\/wp-content\/uploads\/2025\/09\/borulama-muhendislik.jpg 700w, https:\/\/www.endmer.com\/wp-content\/uploads\/2025\/09\/borulama-muhendislik-300x189.jpg 300w\" sizes=\"(max-width: 640px) 100vw, 640px\" \/><\/a>\n\t\t\t<\/div><\/figure><figure class='gallery-item'>\n\t\t\t<div class='gallery-icon landscape'>\n\t\t\t\t<a href='https:\/\/www.endmer.com\/wp-content\/uploads\/2025\/09\/borulama-muhendislik2.jpg' title=\"\" data-rl_title=\"\" class=\"rl-gallery-link\" data-rl_caption=\"\" data-rel=\"lightbox-gallery-1\"><img decoding=\"async\" width=\"640\" height=\"402\" src=\"https:\/\/www.endmer.com\/wp-content\/uploads\/2025\/09\/borulama-muhendislik2.jpg\" class=\"attachment-large size-large\" alt=\"\" srcset=\"https:\/\/www.endmer.com\/wp-content\/uploads\/2025\/09\/borulama-muhendislik2.jpg 700w, https:\/\/www.endmer.com\/wp-content\/uploads\/2025\/09\/borulama-muhendislik2-300x189.jpg 300w\" sizes=\"(max-width: 640px) 100vw, 640px\" \/><\/a>\n\t\t\t<\/div><\/figure><figure class='gallery-item'>\n\t\t\t<div class='gallery-icon landscape'>\n\t\t\t\t<a href='https:\/\/www.endmer.com\/wp-content\/uploads\/2025\/09\/borulama-muhendislik-3.jpg' title=\"\" data-rl_title=\"\" class=\"rl-gallery-link\" data-rl_caption=\"\" data-rel=\"lightbox-gallery-1\"><img loading=\"lazy\" decoding=\"async\" width=\"640\" height=\"402\" src=\"https:\/\/www.endmer.com\/wp-content\/uploads\/2025\/09\/borulama-muhendislik-3.jpg\" class=\"attachment-large size-large\" alt=\"\" srcset=\"https:\/\/www.endmer.com\/wp-content\/uploads\/2025\/09\/borulama-muhendislik-3.jpg 700w, https:\/\/www.endmer.com\/wp-content\/uploads\/2025\/09\/borulama-muhendislik-3-300x189.jpg 300w\" sizes=\"(max-width: 640px) 100vw, 640px\" \/><\/a>\n\t\t\t<\/div><\/figure>\n\t\t<\/div>\n\t\t\t\t\t\t\t\t<\/div>\n\t\t\t\t\t<\/div>\n\t\t<\/div>\n\t\t\t\t\t<\/div>\n\t\t<\/section>\n\t\t\t\t<section class=\"elementor-section elementor-top-section elementor-element elementor-element-29ea2f5 elementor-hidden-desktop elementor-hidden-tablet elementor-hidden-mobile elementor-section-boxed elementor-section-height-default elementor-section-height-default\" data-id=\"29ea2f5\" data-element_type=\"section\">\n\t\t\t\t\t\t<div class=\"elementor-container elementor-column-gap-default\">\n\t\t\t\t\t<div class=\"elementor-column elementor-col-25 elementor-top-column elementor-element elementor-element-b1b24b0\" data-id=\"b1b24b0\" data-element_type=\"column\">\n\t\t\t<div class=\"elementor-widget-wrap elementor-element-populated\">\n\t\t\t\t\t\t<div class=\"elementor-element elementor-element-9a9a240 elementor-widget elementor-widget-pix-pricing\" data-id=\"9a9a240\" data-element_type=\"widget\" data-widget_type=\"pix-pricing.default\">\n\t\t\t\t<div class=\"elementor-widget-container\">\n\t\t\t\t\t<div class=\"card w-100 pix_pricing     \"  ><div class=\" bg-white shadow-sm shadow-hover fly rounded-lg  pix-p-20 rounded-lg2 pix-mb-20  bg-white\" ><h6 class=\"pt-3 font-weight-bold text-heading-default h6\" ><span class=\"currency\"><\/span><span>M\u00dcHEND\u0130SL\u0130K VE D\u0130ZAYN<\/span><sub class=\"text-small\"><\/sub><\/h6><\/div><\/div>\n\t\t\t\t<\/div>\n\t\t\t\t<\/div>\n\t\t\t\t\t<\/div>\n\t\t<\/div>\n\t\t\t\t<div class=\"elementor-column elementor-col-25 elementor-top-column elementor-element elementor-element-08dc1c4\" data-id=\"08dc1c4\" data-element_type=\"column\">\n\t\t\t<div class=\"elementor-widget-wrap elementor-element-populated\">\n\t\t\t\t\t\t<div class=\"elementor-element elementor-element-d9e8c09 elementor-widget elementor-widget-pix-pricing\" data-id=\"d9e8c09\" data-element_type=\"widget\" data-widget_type=\"pix-pricing.default\">\n\t\t\t\t<div class=\"elementor-widget-container\">\n\t\t\t\t\t<div class=\"card w-100 pix_pricing     \"  ><div class=\" bg-white shadow-sm shadow-hover fly rounded-lg  pix-p-20 rounded-lg2 pix-mb-20  bg-white\" ><h6 class=\"pt-3 font-weight-bold text-heading-default h6\" ><span class=\"currency\"><\/span><span>BORU SPOOL \u0130MALATI<\/span><sub class=\"text-small\"><\/sub><\/h6><\/div><\/div>\n\t\t\t\t<\/div>\n\t\t\t\t<\/div>\n\t\t\t\t\t<\/div>\n\t\t<\/div>\n\t\t\t\t<div class=\"elementor-column elementor-col-25 elementor-top-column elementor-element elementor-element-f732e44\" data-id=\"f732e44\" data-element_type=\"column\">\n\t\t\t<div class=\"elementor-widget-wrap elementor-element-populated\">\n\t\t\t\t\t\t<div class=\"elementor-element elementor-element-3d1cec2 elementor-widget elementor-widget-pix-pricing\" data-id=\"3d1cec2\" data-element_type=\"widget\" data-widget_type=\"pix-pricing.default\">\n\t\t\t\t<div class=\"elementor-widget-container\">\n\t\t\t\t\t<div class=\"card w-100 pix_pricing     \"  ><div class=\" bg-white shadow-sm shadow-hover fly rounded-lg  pix-p-20 rounded-lg2 pix-mb-20  bg-white\" ><h6 class=\"pt-3 font-weight-bold text-heading-default h6\" ><span class=\"currency\"><\/span><span>MONTAJ VE KAYNAK<\/span><sub class=\"text-small\"><\/sub><\/h6><\/div><\/div>\n\t\t\t\t<\/div>\n\t\t\t\t<\/div>\n\t\t\t\t\t<\/div>\n\t\t<\/div>\n\t\t\t\t<div class=\"elementor-column elementor-col-25 elementor-top-column elementor-element elementor-element-01f5639\" data-id=\"01f5639\" data-element_type=\"column\">\n\t\t\t<div class=\"elementor-widget-wrap elementor-element-populated\">\n\t\t\t\t\t\t<div class=\"elementor-element elementor-element-d2311dd elementor-widget elementor-widget-pix-pricing\" data-id=\"d2311dd\" data-element_type=\"widget\" data-widget_type=\"pix-pricing.default\">\n\t\t\t\t<div class=\"elementor-widget-container\">\n\t\t\t\t\t<div class=\"card w-100 pix_pricing     \"  ><div class=\" bg-white shadow-sm shadow-hover fly rounded-lg  pix-p-20 rounded-lg2 pix-mb-20  bg-white\" ><h6 class=\"pt-3 font-weight-bold text-heading-default h6\" ><span class=\"currency\"><\/span><span>TEST VE DEVREYE ALMA<\/span><sub class=\"text-small\"><\/sub><\/h6><\/div><\/div>\n\t\t\t\t<\/div>\n\t\t\t\t<\/div>\n\t\t\t\t\t<\/div>\n\t\t<\/div>\n\t\t\t\t\t<\/div>\n\t\t<\/section>\n\t\t<div class=\"elementor-element elementor-element-88d54c1 e-flex e-con-boxed e-con e-parent\" data-id=\"88d54c1\" data-element_type=\"container\">\n\t\t\t\t\t<div class=\"e-con-inner\">\n\t\t<div class=\"elementor-element elementor-element-974d52e e-con-full e-flex e-con e-child\" data-id=\"974d52e\" data-element_type=\"container\">\n\t\t<div class=\"elementor-element elementor-element-5323b66 e-con-full e-flex e-con e-child\" data-id=\"5323b66\" data-element_type=\"container\" data-settings=\"{&quot;background_background&quot;:&quot;classic&quot;}\">\n\t\t\t\t<div class=\"elementor-element elementor-element-91a2eca elementor-widget elementor-widget-text-editor\" data-id=\"91a2eca\" data-element_type=\"widget\" data-widget_type=\"text-editor.default\">\n\t\t\t\t\t\t\t\t\t<h5><span style=\"color: #ffffff;\"><b>Request Form<\/b><\/span><\/h5>\n\n<div class=\"wpcf7 no-js\" id=\"wpcf7-f7045-o1\" lang=\"en-US\" dir=\"ltr\" data-wpcf7-id=\"7045\">\n<div class=\"screen-reader-response\"><p role=\"status\" aria-live=\"polite\" aria-atomic=\"true\"><\/p> <ul><\/ul><\/div>\n<form action=\"\/en\/wp-json\/wp\/v2\/pages\/6832#wpcf7-f7045-o1\" method=\"post\" class=\"wpcf7-form init\" aria-label=\"Contact form\" novalidate=\"novalidate\" data-status=\"init\">\n<fieldset class=\"hidden-fields-container\"><input type=\"hidden\" name=\"_wpcf7\" value=\"7045\" \/><input type=\"hidden\" name=\"_wpcf7_version\" value=\"6.1.1\" \/><input type=\"hidden\" name=\"_wpcf7_locale\" value=\"en_US\" \/><input type=\"hidden\" name=\"_wpcf7_unit_tag\" value=\"wpcf7-f7045-o1\" \/><input type=\"hidden\" name=\"_wpcf7_container_post\" value=\"0\" \/><input type=\"hidden\" name=\"_wpcf7_posted_data_hash\" value=\"\" \/><input type=\"hidden\" name=\"_wpcf7_recaptcha_response\" value=\"\" \/>\n<\/fieldset>\n<div class=\"pix-contact7-form\"><div class=\"row\">\n\t<div class=\"col-lg-3\">\n\t\t<p><label class=\"w-100\"><span class=\"wpcf7-form-control-wrap\" data-name=\"your-company-name\"><input size=\"40\" maxlength=\"400\" class=\"wpcf7-form-control wpcf7-text wpcf7-validates-as-required pix-my-5 shadow-0 bg-gray-1 form-control\" aria-required=\"true\" aria-invalid=\"false\" placeholder=\"Company Name\" value=\"\" type=\"text\" name=\"your-company-name\" \/><\/span><\/label>\n\t\t<\/p>\n\t<\/div>\n\t<div class=\"col-lg-3\">\n\t\t<p><label class=\"w-100\"><span class=\"wpcf7-form-control-wrap\" data-name=\"your-name\"><input size=\"40\" maxlength=\"400\" class=\"wpcf7-form-control wpcf7-text wpcf7-validates-as-required pix-my-5 shadow-0 bg-gray-1 form-control\" aria-required=\"true\" aria-invalid=\"false\" placeholder=\"Your Name and Surname\" value=\"\" type=\"text\" name=\"your-name\" \/><\/span><\/label>\n\t\t<\/p>\n\t<\/div>\n\t<div class=\"col-lg-3\">\n\t\t<p><label class=\"w-100\"><span class=\"wpcf7-form-control-wrap\" data-name=\"your-email\"><input size=\"40\" maxlength=\"400\" class=\"wpcf7-form-control wpcf7-email wpcf7-validates-as-required wpcf7-text wpcf7-validates-as-email pix-my-5 shadow-0 bg-gray-1 form-control\" aria-required=\"true\" aria-invalid=\"false\" placeholder=\"E-mail\" value=\"\" type=\"email\" name=\"your-email\" \/><\/span><\/label>\n\t\t<\/p>\n\t<\/div>\n\t<div class=\"col-3\">\n\t\t<p><label class=\"w-100\"><span class=\"wpcf7-form-control-wrap\" data-name=\"your-phone\"><input size=\"40\" maxlength=\"400\" class=\"wpcf7-form-control wpcf7-text wpcf7-validates-as-required pix-my-5 shadow-0 bg-gray-1 form-control\" aria-required=\"true\" aria-invalid=\"false\" placeholder=\"Phone\" value=\"\" type=\"text\" name=\"your-phone\" \/><\/span><\/label>\n\t\t<\/p>\n\t<\/div>\n\t<div class=\"col-6\">\n\t\t<p><label class=\"w-100\"><span class=\"wpcf7-form-control-wrap\" data-name=\"your-message\"><textarea cols=\"40\" rows=\"2\" maxlength=\"2000\" class=\"wpcf7-form-control wpcf7-textarea wpcf7-validates-as-required pix-my-5 shadow-0 bg-gray-1 form-control\" aria-required=\"true\" aria-invalid=\"false\" placeholder=\"Your message\" name=\"your-message\"><\/textarea><\/span><\/label>\n\t\t<\/p>\n\t<\/div>\n\t<div class=\"col-6\">\n\t\t<p><label class=\"w-100\"><input class=\"wpcf7-form-control wpcf7-submit has-spinner btn btn-green text-white w-100 pix-mt-10 font-weight-bold btn-lg shadow-hover\" type=\"submit\" value=\"Send\" \/><\/label>\n\t\t<\/p>\n\t<\/div>\n<\/div>\n<input class=\"wpcf7-form-control wpcf7-hidden\" value=\"\" type=\"hidden\" name=\"page-url\" \/><\/div><div class=\"wpcf7-response-output\" aria-hidden=\"true\"><\/div>\n<\/form>\n<\/div>\n\t\t\t\t\t\t\t\t<\/div>\n\t\t\t\t<\/div>\n\t\t\t\t<\/div>\n\t\t\t\t\t<\/div>\n\t\t\t\t<\/div>\n\t\t\t\t<\/div>\n\t\t","protected":false},"excerpt":{"rendered":"<p>Engineering &#038; Design With our engineering and design services, we offer reliable and efficient solutions that comply with international standards. Endmer Industrial Center provides engineering and design services for projects in various sectors in accordance with international standards. Our experienced&#8230;<\/p>\n","protected":false},"author":1,"featured_media":0,"parent":0,"menu_order":0,"comment_status":"closed","ping_status":"closed","template":"","meta":{"footnotes":""},"class_list":["post-6832","page","type-page","status-publish","hentry"],"_links":{"self":[{"href":"https:\/\/www.endmer.com\/en\/wp-json\/wp\/v2\/pages\/6832","targetHints":{"allow":["GET"]}}],"collection":[{"href":"https:\/\/www.endmer.com\/en\/wp-json\/wp\/v2\/pages"}],"about":[{"href":"https:\/\/www.endmer.com\/en\/wp-json\/wp\/v2\/types\/page"}],"author":[{"embeddable":true,"href":"https:\/\/www.endmer.com\/en\/wp-json\/wp\/v2\/users\/1"}],"replies":[{"embeddable":true,"href":"https:\/\/www.endmer.com\/en\/wp-json\/wp\/v2\/comments?post=6832"}],"version-history":[{"count":0,"href":"https:\/\/www.endmer.com\/en\/wp-json\/wp\/v2\/pages\/6832\/revisions"}],"wp:attachment":[{"href":"https:\/\/www.endmer.com\/en\/wp-json\/wp\/v2\/media?parent=6832"}],"curies":[{"name":"wp","href":"https:\/\/api.w.org\/{rel}","templated":true}]}}